{"id":53,"date":"2020-04-03T16:04:49","date_gmt":"2020-04-03T14:04:49","guid":{"rendered":"http:\/\/sarahboilletphotographie.fr\/?page_id=53"},"modified":"2026-01-24T00:33:20","modified_gmt":"2026-01-23T23:33:20","slug":"galerie-privee","status":"publish","type":"page","link":"https:\/\/sarahboilletphotographie.fr\/index.php\/galerie-privee\/","title":{"rendered":"Galerie photos"},"content":{"rendered":"\t\t<div data-elementor-type=\"wp-page\" data-elementor-id=\"53\" class=\"elementor elementor-53\" data-elementor-settings=\"[]\">\n\t\t\t\t\t\t<div class=\"elementor-inner\">\n\t\t\t\t\t\t\t<div class=\"elementor-section-wrap\">\n\t\t\t\t\t\t\t<section class=\"elementor-section elementor-top-section elementor-element elementor-element-8f99f28 elementor-section-boxed elementor-section-height-default elementor-section-height-default\" data-id=\"8f99f28\" data-element_type=\"section\">\n\t\t\t\t\t\t<div class=\"elementor-container elementor-column-gap-default\">\n\t\t\t\t\t\t\t<div class=\"elementor-row\">\n\t\t\t\t\t<div class=\"elementor-column elementor-col-100 elementor-top-column elementor-element elementor-element-5b838b3\" data-id=\"5b838b3\" data-element_type=\"column\">\n\t\t\t<div class=\"elementor-column-wrap elementor-element-populated\">\n\t\t\t\t\t\t\t<div class=\"elementor-widget-wrap\">\n\t\t\t\t\t\t<div class=\"elementor-element elementor-element-6ac8389 elementor-widget elementor-widget-text-editor\" data-id=\"6ac8389\" data-element_type=\"widget\" data-widget_type=\"text-editor.default\">\n\t\t\t\t<div class=\"elementor-widget-container\">\n\t\t\t\t\t\t\t\t<div class=\"elementor-text-editor elementor-clearfix\">\n\t\t\t\t<p><span style=\"color: #ff0000;\"><em>VOL DE PHOTO INTERDIT ! Tout partage de photo avec le Filigrane est interdit ! Merci pour votre respect et compr\u00e9hension<\/em><\/span><\/p><p><span style=\"color: #ff0000;\"><em>= CAPTURE ECRAN INTERDITE<\/em><\/span><\/p><p><strong><span style=\"color: #00ccff;\">OFFRE 1 : La photo num\u00e9rique est offerte pour toute commande papier ou objet cadeau !<\/span><\/strong><\/p><p><strong><span style=\"color: #00ccff;\">OFFRE 2 (format papier) : Pour 2 tirages achet\u00e9s, 1 tirage offert !<\/span><\/strong><\/p><p><strong><span style=\"color: #00ccff;\">OFFRE 3 (format num\u00e9rique) : Tarifs d\u00e9gressifs et PACKS !<\/span><\/strong><\/p><p><strong style=\"color: #333333;\">Pour consulter les tarifs :<\/strong><\/p><p><strong style=\"color: #333333;\">1.Cliquer sur l&#8217;album ci-dessous<\/strong><\/p><p><strong style=\"color: #333333;\">2.Cliquer en haut \u00e0 droite sur &#8220;Tarifs&#8221;\u00a0 \u00a0 \u00a0 \u00a0 \u00a0 \u00a0\u00a0<\/strong><\/p><p><span style=\"color: #808080;\">Impression avec papier professionnel de qualit\u00e9, 300 gr, mat ou brillant (ma pr\u00e9f\u00e9rence : papier mat ^^)<\/span><\/p><p><span style=\"color: #808080;\">Frais de port : pensez \u00e0 mutualiser vos commandes avec vos proches, votre club&#8230;<\/span><\/p><p><span style=\"color: #808080;\"><span style=\"text-decoration: underline;\">Note<\/span> : Vous \u00eates sur la plus grande plateforme de vente de photos en France utilis\u00e9e par les photographes, QUALITE ASSUREE, aucune erreur de commande ne sera rembours\u00e9e par le site ou par le photographe<\/span><\/p><p><span style=\"color: #808080;\">Pour toute question avant commande n&#8217;h\u00e9sitez pas : rdv dans la rubrique CONTACT\u00a0<\/span><\/p>\t\t\t\t\t<\/div>\n\t\t\t\t\t\t<\/div>\n\t\t\t\t<\/div>\n\t\t\t\t\t\t<\/div>\n\t\t\t\t\t<\/div>\n\t\t<\/div>\n\t\t\t\t\t\t\t\t<\/div>\n\t\t\t\t\t<\/div>\n\t\t<\/section>\n\t\t\t\t<section class=\"elementor-section elementor-top-section elementor-element elementor-element-c67c6db elementor-section-boxed elementor-section-height-default elementor-section-height-default\" data-id=\"c67c6db\" data-element_type=\"section\">\n\t\t\t\t\t\t<div class=\"elementor-container elementor-column-gap-default\">\n\t\t\t\t\t\t\t<div class=\"elementor-row\">\n\t\t\t\t\t<div class=\"elementor-column elementor-col-100 elementor-top-column elementor-element elementor-element-806e2b4\" data-id=\"806e2b4\" data-element_type=\"column\">\n\t\t\t<div class=\"elementor-column-wrap elementor-element-populated\">\n\t\t\t\t\t\t\t<div class=\"elementor-widget-wrap\">\n\t\t\t\t\t\t<div class=\"elementor-element elementor-element-47fc000 elementor-widget elementor-widget-html\" data-id=\"47fc000\" data-element_type=\"widget\" data-widget_type=\"html.default\">\n\t\t\t\t<div class=\"elementor-widget-container\">\n\t\t\t<div id=\"jingooGallery\"><\/div><script type=\"text\/javascript\">(function(i,s,o,g,r,a,m){i['JingooGalleryObject']=r;i[r]=i[r]||function(){(i[r].q=i[r].q||[]).push(arguments)},i[r].l=1*new Date();a=s.createElement(o),m=s.getElementsByTagName(o)[0];a.async=1;a.src=g;m.parentNode.insertBefore(a,m)})(window,document,'script',\"https:\/\/www.jingoo.com\/api\/accesDistant\/VTkOaAtZW2gLbFYiUzsDYgVwVzNScVw3AW0HbQhmXTkOOw4\/UGJUOw4xBSMBZ1A1ViUAbFBsXDELPwc8CzgOIFUkDl4LbFtwC2xWJFMg.js\",'JingooGalleryLoader');<\/script>\t\t<\/div>\n\t\t\t\t<\/div>\n\t\t\t\t\t\t<\/div>\n\t\t\t\t\t<\/div>\n\t\t<\/div>\n\t\t\t\t\t\t\t\t<\/div>\n\t\t\t\t\t<\/div>\n\t\t<\/section>\n\t\t\t\t\t\t<\/div>\n\t\t\t\t\t\t<\/div>\n\t\t\t\t\t<\/div>\n\t\t","protected":false},"excerpt":{"rendered":"<p>VOL DE PHOTO INTERDIT ! Tout partage de photo avec le Filigrane est interdit ! Merci pour votre respect et compr\u00e9hension = CAPTURE ECRAN INTERDITE OFFRE 1 : La photo num\u00e9rique est offerte pour toute commande papier ou objet cadeau ! OFFRE 2 (format papier) : Pour 2 tirages achet\u00e9s, 1 tirage offert ! OFFRE [&hellip;]<\/p>\n","protected":false},"author":1,"featured_media":0,"parent":0,"menu_order":0,"comment_status":"closed","ping_status":"closed","template":"page-templates\/fullwidth.php","meta":[],"_links":{"self":[{"href":"https:\/\/sarahboilletphotographie.fr\/index.php\/wp-json\/wp\/v2\/pages\/53"}],"collection":[{"href":"https:\/\/sarahboilletphotographie.fr\/index.php\/wp-json\/wp\/v2\/pages"}],"about":[{"href":"https:\/\/sarahboilletphotographie.fr\/index.php\/wp-json\/wp\/v2\/types\/page"}],"author":[{"embeddable":true,"href":"https:\/\/sarahboilletphotographie.fr\/index.php\/wp-json\/wp\/v2\/users\/1"}],"replies":[{"embeddable":true,"href":"https:\/\/sarahboilletphotographie.fr\/index.php\/wp-json\/wp\/v2\/comments?post=53"}],"version-history":[{"count":194,"href":"https:\/\/sarahboilletphotographie.fr\/index.php\/wp-json\/wp\/v2\/pages\/53\/revisions"}],"predecessor-version":[{"id":895,"href":"https:\/\/sarahboilletphotographie.fr\/index.php\/wp-json\/wp\/v2\/pages\/53\/revisions\/895"}],"wp:attachment":[{"href":"https:\/\/sarahboilletphotographie.fr\/index.php\/wp-json\/wp\/v2\/media?parent=53"}],"curies":[{"name":"wp","href":"https:\/\/api.w.org\/{rel}","templated":true}]}}